{"id":12,"date":"2019-07-22T21:13:37","date_gmt":"2019-07-22T19:13:37","guid":{"rendered":"http:\/\/www.controldeflotas.org\/prueba\/?page_id=12"},"modified":"2024-07-21T21:09:32","modified_gmt":"2024-07-21T19:09:32","slug":"funciones-avanzadas","status":"publish","type":"page","link":"https:\/\/controldeflotas.org\/?page_id=12","title":{"rendered":"Funciones"},"content":{"rendered":"<p>\n<!-- Google tag (gtag.js) --><br \/>\n<script async=\"\" src=\"https:\/\/www.googletagmanager.com\/gtag\/js?id=AW-952228431\"><\/script><br \/>\n<script><br \/>\n  window.dataLayer = window.dataLayer || [];<br \/>\n  function gtag(){dataLayer.push(arguments);}<br \/>\n  gtag('js', new Date());<\/p>\n<p>  gtag('config', 'AW-952228431');<br \/>\n<\/script>\n<\/p>\n\n\n<iframe loading=\"lazy\" width=\"750px\" height=\"350px\" src=\"https:\/\/www.youtube.com\/embed\/64UKHea2QCk\" frameborder=\"0\" allow=\"accelerometer; autoplay; clipboard-write; encrypted-media; gyroscope; picture-in-picture\" allowfullscreen=\"\"><\/iframe>\n\n\n\n<iframe loading=\"lazy\" width=\"750\" height=\"350\" src=\"https:\/\/www.youtube.com\/embed\/rChQb65tFKw\" frameborder=\"0\" allow=\"accelerometer; autoplay; clipboard-write; encrypted-media; gyroscope; picture-in-picture\" allowfullscreen=\"\"><\/iframe>\n\n<iframe loading=\"lazy\" width=\"750\" height=\"350\" src=\"https:\/\/www.youtube.com\/embed\/GLqc-0owmBg\" frameborder=\"0\" allow=\"accelerometer; autoplay; clipboard-write; encrypted-media; gyroscope; picture-in-picture\" allowfullscreen=\"\"><\/iframe>\n\n\n<p><iframe loading=\"lazy\" width=\"750\" height=\"450\" src=\"https:\/\/www.youtube.com\/embed\/MnhKfyZcmfY\" frameborder=\"0\" allow=\"accelerometer; autoplay; clipboard-write; encrypted-media; gyroscope; picture-in-picture\" allowfullscreen=\"\"><\/iframe><\/p>\n\n\nAsistente con Inteligencia Artificial que contesta cualquier pregunta:\n<p><iframe loading=\"lazy\" width=\"750\" height=\"470\" src=\"https:\/\/www.youtube.com\/embed\/ZJm8g5wKD9w\" frameborder=\"0\" allow=\"accelerometer; autoplay; clipboard-write; encrypted-media; gyroscope; picture-in-picture\" allowfullscreen=\"\"><\/iframe><\/p>\n\n\n\n<h5 style=\"width: 100%; height: 35px;\"><span style=\"color: #626884;\"><\/span><\/h5>\n\n\t\t\t<h2 style=\"color:#626884\">Gesti\u00f3n de Paradas Habituales<\/h2>\n\n\t\t\t<p>\n\t\t\t\tEl sistema acumula y detecta las Paradas Habituales de la flota.\n\t\t\t<\/p>\n\n\t\t\t<p>\n\t\t\t\tDe cada Parada Habitual obtendremos su <b>hist\u00f3rico, \u00faltima visita, estad\u00edsticas<\/b>&#8230;\n\t\t\t<\/p>\n\n\n\t\t\t<p>\n\t\t\t\tSimplemente renombrando la Paradas Habituales detectadas, nos permitir\u00e1 el seguimiento perfecto de las visitas de los veh\u00edculos.\n\t\t\t<\/p>\n\n\n\n<ul style=\"position:relative; left:-60px; width:100%;\" class=\"wp-block-gallery columns-1 is-cropped wp-block-gallery-1 is-layout-flex wp-block-gallery-is-layout-flex\"><li class=\"blocks-gallery-item\"><figure><img loading=\"lazy\" decoding=\"async\" width=\"1024\" height=\"592\" src=\"http:\/\/www.controldeflotas.org\/prueba\/wp-content\/uploads\/2020\/03\/funcionParadasHabituales2-1024x592.jpg\" alt=\"\" data-id=\"498\" data-link=\"http:\/\/www.controldeflotas.org\/prueba\/?attachment_id=498\" class=\"wp-image-498\" srcset=\"https:\/\/controldeflotas.org\/wp-content\/uploads\/2020\/03\/funcionParadasHabituales2-1024x592.jpg 1024w, https:\/\/controldeflotas.org\/wp-content\/uploads\/2020\/03\/funcionParadasHabituales2-600x347.jpg 600w, https:\/\/controldeflotas.org\/wp-content\/uploads\/2020\/03\/funcionParadasHabituales2-768x444.jpg 768w, https:\/\/controldeflotas.org\/wp-content\/uploads\/2020\/03\/funcionParadasHabituales2-104x60.jpg 104w, https:\/\/controldeflotas.org\/wp-content\/uploads\/2020\/03\/funcionParadasHabituales2.jpg 1350w\" sizes=\"(max-width: 1024px) 100vw, 1024px\" \/><\/figure><\/li><\/ul>\n\n\n<p><!-- ****************************** --><\/p>\n\n\n<h5 style=\"width: 100%; height: 35px;\"><span style=\"color: #626884;\"><\/span><\/h5>\n\n\t\t\t<h2 style=\"color:#626884\">Funciones de Inteligencia Artificial<\/h2>\n\n\t\t\t<p>\n\t\t\t\tSe ha implementado la \u00faltima tecnolog\u00eda en <b>Inteligencia Articial<\/b>.\n\t\t\t<\/p>\n\n\t\t\t<p>\n\t\t\t\tLa plataforma puede realizar <b>predicciones y diagn\u00f3sticos<\/b> avanzados mediante el an\u00e1lisis con Machine Learning de miles de datos y variables.<\/b>&#8230;\n\t\t\t<\/p>\n\n\n\t\t\t<p>\n\t\t\t\tLos resultados son sorprendentes y quedan registrados para su consulta y revisi\u00f3n.\n\t\t\t<\/p>\n\n\n\n<ul style=\"position:relative; left:-60px; width:100%;\" class=\"wp-block-gallery columns-1 is-cropped wp-block-gallery-2 is-layout-flex wp-block-gallery-is-layout-flex\"><li class=\"blocks-gallery-item\"><figure><img decoding=\"async\" src=\"http:\/\/controldeflotas.org\/wp-content\/uploads\/2024\/02\/funcionalidad_IA.png\" alt=\"\" data-id=\"498\" data-link=\"http:\/\/www.controldeflotas.org\/prueba\/?attachment_id=498\" class=\"wp-image-498\"\/><\/figure><\/li><\/ul>\n\n\n<p><!-- ****************************** --><\/p>\n\n\n<h5 style=\"width: 100%; height: 35px;\"><span style=\"color: #4f525e;\"><\/span><\/h5>\n\n\t\t\t<h2 style=\"color:#626884\">An\u00e1lisis y diagn\u00f3stico de los Lugares Visitados<\/h2>\n\n\t\t\t<p>\n\t\t\t\tLa plataforma recopila toda la informaci\u00f3n de los <b>lugares visitados<\/b> autom\u00e1ticamente<\/b>.\n\t\t\t<\/p>\n\n\t\t\t<p>\n\t\t\t\tPara cada sitio, se procesa la media del tiempo de visita, el horario habitual, que veh\u00edculo suele hacer la visita, que d\u00eda de la semana&#8230;\n\t\t\t<\/p>\n\n\n\t\t\t<p>\nCon estos datos, el sistema avisa de <b>situaciones extra\u00f1as<\/b> o fuera de la media. Por ejemplo, una visita fuera de horario, o un d\u00eda de la semana no habitual.\n\t\t\t<\/p>\n\n\n\n<ul style=\"position:relative; left:-60px; width:100%;\" class=\"wp-block-gallery columns-1 is-cropped wp-block-gallery-3 is-layout-flex wp-block-gallery-is-layout-flex\"><li class=\"blocks-gallery-item\"><figure><img decoding=\"async\" src=\"http:\/\/controldeflotas.org\/wp-content\/uploads\/2024\/01\/PH.png\" alt=\"\" data-id=\"185\" data-link=\"http:\/\/www.controldeflotas.org\/prueba\/?attachment_id=185\" class=\"wp-image-185\"\/><\/figure><\/li><\/ul>\n\n\n<p><!-- ****************************** --><\/p>\n\n\n\n<h5 style=\"width: 100%; height: 35px;\"><span style=\"color: #4f525e;\"><\/span><\/h5>\n\n\t\t\t<h2 style=\"color:#626884\">Identificaci\u00f3n del conductor<\/h2>\n\n\t\t\t<p>\n\t\t\t\tSi el veh\u00edculo es utilizado por mas de un conductor, podemos identificarlo.\n\t\t\t<\/p>\n\n\t\t\t<p>\n\t\t\t\tLo podemos hacer mediante <b>llavero bluetooth<\/b>, o bien, utilizando el <b>m\u00f3vil<\/b>.\n\t\t\t<\/p>\n\n\n\t\t\t<p>\nDe esta forma, sabremos que conductor hizo uso del veh\u00edculo en cada ocasi\u00f3n.\n\t\t\t<\/p>\n\n\n\n<ul style=\"position:relative; left:-60px; width:100%;\" class=\"wp-block-gallery columns-1 is-cropped wp-block-gallery-4 is-layout-flex wp-block-gallery-is-layout-flex\"><li class=\"blocks-gallery-item\"><figure><img decoding=\"async\" src=\"http:\/\/controldeflotas.org\/wp-content\/uploads\/2024\/07\/identificacion_conductor.png\" alt=\"\" data-id=\"185\" data-link=\"http:\/\/controldeflotas.org\/wp-content\/uploads\/2024\/07\/identificacion_conductor.png\" class=\"wp-image-185\"\/><\/figure><\/li><\/ul>\n\n\n<p><!-- ****************************** --><\/p>\n\n\n\n<h5 style=\"width: 100%; height: 35px;\"><span style=\"color: #4f525e;\"><\/span><\/h5>\n\n\t\t\t<h2 style=\"color:#626884\">Env\u00edo avisos por Whatsapp<\/h2>\n\n\t\t\t<p>\n\t\t\t\tAdem\u00e1s de por mail, el control de flotas env\u00eda avisos autom\u00e1ticos <b>por Whatsapp<\/b>.\n\t\t\t<\/p>\n\n\t\t\t<p>\n\t\t\t\tLas notificaciones pueden ser diarias de toda la ruta, comunicando paradas, excesos de velocidad, etc.\n\t\t\t<\/p>\n\n\n\t\t\t<p>\nSe recibir\u00e1 una <b>foto del evento<\/b>, junto con un texto explicativo.\n\t\t\t<\/p>\n\n\n\n<ul style=\"position:relative; left:-60px; width:100%;\" class=\"wp-block-gallery columns-1 is-cropped wp-block-gallery-5 is-layout-flex wp-block-gallery-is-layout-flex\"><li class=\"blocks-gallery-item\"><figure><img loading=\"lazy\" decoding=\"async\" width=\"680\" height=\"340\" src=\"http:\/\/www.controldeflotas.org\/prueba\/wp-content\/uploads\/2020\/01\/wasaps.png\" alt=\"\" data-id=\"185\" data-link=\"http:\/\/www.controldeflotas.org\/prueba\/?attachment_id=185\" class=\"wp-image-185\" srcset=\"https:\/\/controldeflotas.org\/wp-content\/uploads\/2020\/01\/wasaps.png 680w, https:\/\/controldeflotas.org\/wp-content\/uploads\/2020\/01\/wasaps-600x300.png 600w, https:\/\/controldeflotas.org\/wp-content\/uploads\/2020\/01\/wasaps-120x60.png 120w\" sizes=\"(max-width: 680px) 100vw, 680px\" \/><\/figure><\/li><\/ul>\n\n\n<p><!-- ****************************** --><\/p>\n\n\n<h5 style=\"width: 100%; height: 35px;\"><span style=\"color: #4f525e;\"><\/span><\/h5>\n\t\t\t<h2 style=\"color:#626884\">Reconocimiento de Rutas Habituales<\/h2>\n\n\t\t\t<p>\n\t\t\t\tLa plataforma reconoce y clasifica de forma inteligente las Rutas Habituales de los veh\u00edculos.\n\t\t\t<\/p>\n\n\t\t\t<p>\n\t\t\t\tEl programa compara por su parecido las rutas realizadas. Para cada tipo de Ruta Habitual, el sistema nos resaltar\u00e1 aquellas que sean mas distintas.\n\t\t\t<\/p>\n\n\n\t\t\t<p>\nDe esta forma podremos consultar aquellas rutas y veh\u00edculos que tengan un trazado diferente a lo habitual.\n\t\t\t<\/p>\n\n\n\n<ul style=\"position:relative; left:-60px; width:100%;\" class=\"wp-block-gallery columns-1 is-cropped wp-block-gallery-6 is-layout-flex wp-block-gallery-is-layout-flex\"><li class=\"blocks-gallery-item\"><figure><img decoding=\"async\" src=\"http:\/\/controldeflotas.org\/wp-content\/uploads\/2024\/01\/RH-1.png\" alt=\"\" data-id=\"495\" data-link=\"http:\/\/www.controldeflotas.org\/prueba\/?attachment_id=495\" class=\"wp-image-495\"\/><\/figure><\/li><\/ul>\n\n\n\n<h5 style=\"width: 100%; height: 35px;\"><span style=\"color: #4f525e;\"><\/span><\/h5>\n\t\t\t<h2 style=\"color:#626884\">Predicci\u00f3n Inteligente de Paradas<\/h2>\n\n\t\t\t<p>\n\t\t\t\tLa plataforma deduce mediante algoritmos inteligentes las Paradas Previstas seg\u00fan como haya empezado el d\u00eda.\n\t\t\t<\/p>\n\n\t\t\t<p>\n\t\t\t\tSi la Parada Prevista no ha sido visitada en su hora habitual, nos la resaltar\u00e1 para avisarnos.\n\t\t\t<\/p>\n\n\n\t\t\t<p>\nEstos resultados se producen de forma autom\u00e1tica y espont\u00e1nea, sin necesidad de ninguna configuraci\u00f3n ni intervenci\u00f3n por parte del usuario.\n\t\t\t<\/p>\n\n\n\n<figure class=\"wp-block-image\"><img loading=\"lazy\" decoding=\"async\" width=\"1024\" height=\"660\" style=\"width:100%;\" src=\"http:\/\/www.controldeflotas.org\/prueba\/wp-content\/uploads\/2020\/03\/funcionParadasPrevistas-1-1024x660.jpg\" alt=\"\" class=\"wp-image-476\" srcset=\"https:\/\/controldeflotas.org\/wp-content\/uploads\/2020\/03\/funcionParadasPrevistas-1-1024x660.jpg 1024w, https:\/\/controldeflotas.org\/wp-content\/uploads\/2020\/03\/funcionParadasPrevistas-1-600x387.jpg 600w, https:\/\/controldeflotas.org\/wp-content\/uploads\/2020\/03\/funcionParadasPrevistas-1-768x495.jpg 768w, https:\/\/controldeflotas.org\/wp-content\/uploads\/2020\/03\/funcionParadasPrevistas-1-93x60.jpg 93w, https:\/\/controldeflotas.org\/wp-content\/uploads\/2020\/03\/funcionParadasPrevistas-1.jpg 1350w\" sizes=\"(max-width: 1024px) 100vw, 1024px\" \/><\/figure>\n\n\n\n<h5 style=\"width: 100%; height: 35px;\"><span style=\"color: #4f525e;\"><\/span><\/h5>\n\t\t\t<h2 style=\"color:#626884\">Localizaci\u00f3n de m\u00f3viles gratis<\/h2>\n\n\t\t\t<p>\n\t\t\t\tAdem\u00e1s de la localizaci\u00f3n de los veh\u00edculos mediante modem\/GPS, opcionalmente la plataforma permite a\u00f1adir la localizaci\u00f3n de los m\u00f3viles que se desee de forma gratuita.\n\t\t\t<\/p>\n\n\t\t\t<p>\n\t\t\t\tCon toda la funcionalidad profesional an\u00e1loga a la disponible con los veh\u00edculos.\n\t\t\t<\/p>\n\n\n\n<figure class=\"wp-block-image\"><img decoding=\"async\" src=\"http:\/\/controldeflotas.org\/wp-content\/uploads\/2023\/10\/moviles_gratis-600x399.png\" alt=\"\" class=\"wp-image-492\"\/><\/figure>\n\n\n\n<h5 style=\"width: 100%; height: 35px;\"><span style=\"color: #4f525e;\"><\/span><\/h5>\n\t\t\t<h2 style=\"color:#626884\">Comandos por voz<\/h2>\n\n\t\t\t<p>\n\t\t\t\tGracias a la \u00faltima tecnolog\u00eda en Inteligencia Artificial, es posible pedir a la web &#8216;por voz&#8217; que queremos que nos muestre.\n\t\t\t<\/p>\n\n\t\t\t<p>\n\t\t\t\tPodemos pedirle que nos ense\u00f1e uno o mas vehiculos, hoy u otro d\u00eda que queramos, a tal horario, o por la ma\u00f1ana, la tarde&#8230; hablando directamente a la web!\n\t\t\t<\/p>\n\n\n\n<figure class=\"wp-block-image\"><img decoding=\"async\" src=\"http:\/\/controldeflotas.org\/wp-content\/uploads\/2023\/11\/voz.png\" alt=\"\" class=\"wp-image-492\"\/><\/figure>\n\n\n\n<h5 style=\"width: 100%; height: 35px;\"><span style=\"color: #4f525e;\"><\/span><\/h5>\n\t\t\t<h2 style=\"color:#626884\">Integraci\u00f3n de Chat GPT<\/h2>\n\n\t\t\t<p>\n\t\t\t\tHemos integrado <b>Chat GPT<\/b> con tus datos del control de flotas.\n\t\t\t<\/p>\n\n\t\t\t<p>\n\t\t\t\tPuedes pedirle cualquier cosa que se te ocurra sobre paradas realizadas, kms recorridos, velocidades&#8230;\n\t\t\t<\/p>\n\n\n\t\t\t<p>\nPor ejemplo: &#8216;dime los kms realizados el pasado mes en fin de semana&#8217;, &#8216;que vehiculos pararon cerca de tal sitio y estuvieron mas de 45 minutos ?&#8217;, &#8216;muestrame las veces que pas\u00f3 de 95 km por hora&#8217;, etc.\n\t\t\t<\/p>\n\n\n\n<figure class=\"wp-block-image size-large is-resized\"><img decoding=\"async\" src=\"http:\/\/controldeflotas.org\/wp-content\/uploads\/2024\/06\/chat-gpt.png\" alt=\"\" style=\"width:840px;height:auto\"\/><\/figure>\n\n\n\n<h5 style=\"width: 100%; height: 35px;\"><span style=\"color: #4f525e;\"><\/span><\/h5>\n\t\t\t<h2 style=\"color:#626884\">Transmisi\u00f3n de itinerarios al conductor<\/h2>\n\n\t\t\t<p>\n\t\t\t\tDisponiendo de los itinerarios a realizar en formato excel, es posible subirlos a la nube y que aparezcan en el m\u00f3vil del conductor para que le gu\u00ede destino a destino, sin necesidad que conozca la ruta previamente.\n\t\t\t<\/p>\n\n\t\t\t<p>\n\t\t\t\tEl conductor podr\u00e1 anotar durante el reparto las entregas realizas, si hubo incidencias y registrar observaciones.\n\t\t\t<\/p>\n\n\n\t\t\t<p>\nEstas anotaciones se visualizan en tiempo real, o pasada la jornada, en oficina, o desde cualquier lugar.\n\t\t\t<\/p>\n\n\n\n<figure class=\"wp-block-image is-resized\"><img loading=\"lazy\" decoding=\"async\" width=\"1024\" height=\"579\" src=\"http:\/\/www.controldeflotas.org\/prueba\/wp-content\/uploads\/2020\/03\/itinerarios2-1024x579.jpg\" alt=\"\" class=\"wp-image-492\" style=\"width:840px;height:auto\" srcset=\"https:\/\/controldeflotas.org\/wp-content\/uploads\/2020\/03\/itinerarios2-1024x579.jpg 1024w, https:\/\/controldeflotas.org\/wp-content\/uploads\/2020\/03\/itinerarios2-600x339.jpg 600w, https:\/\/controldeflotas.org\/wp-content\/uploads\/2020\/03\/itinerarios2-768x434.jpg 768w, https:\/\/controldeflotas.org\/wp-content\/uploads\/2020\/03\/itinerarios2-106x60.jpg 106w, https:\/\/controldeflotas.org\/wp-content\/uploads\/2020\/03\/itinerarios2.jpg 1350w\" sizes=\"(max-width: 1024px) 100vw, 1024px\" \/><\/figure>\n\n\n\n<h5 style=\"width: 100%; height: 35px;\"><span style=\"color: #4f525e;\"><\/span><\/h5>\n\t\t\t<h2 style=\"color:#626884\">Calendario de Visitas<\/h2>\n\n\t\t\t<p>\n\t\t\t\tRepase el cumplimiento de las visitas realizadas, segun veh\u00edculo o cliente.\n\t\t\t<\/p>\n\n\t\t\t<p>\n\t\t\t\tSin introducir ning\u00fan dato. El sistema sabe deducir las visitas analizando las paradas de los veh\u00edculos en el radio de acci\u00f3n de las chinchetas.\n\t\t\t<\/p>\n\n\n\n<figure class=\"wp-block-image\"><img loading=\"lazy\" decoding=\"async\" width=\"812\" height=\"340\" src=\"http:\/\/www.controldeflotas.org\/prueba\/wp-content\/uploads\/2020\/03\/fotoCalendario4.jpg\" alt=\"\" class=\"wp-image-509\" srcset=\"https:\/\/controldeflotas.org\/wp-content\/uploads\/2020\/03\/fotoCalendario4.jpg 812w, https:\/\/controldeflotas.org\/wp-content\/uploads\/2020\/03\/fotoCalendario4-600x251.jpg 600w, https:\/\/controldeflotas.org\/wp-content\/uploads\/2020\/03\/fotoCalendario4-768x322.jpg 768w, https:\/\/controldeflotas.org\/wp-content\/uploads\/2020\/03\/fotoCalendario4-143x60.jpg 143w\" sizes=\"(max-width: 812px) 100vw, 812px\" \/><\/figure>\n\n\n\n<h5 style=\"width: 100%; height: 35px;\"><span style=\"color: #4f525e;\"><\/span><\/h5>\n\t\t\t<h2 style=\"color:#626884\">Control del cumplimiento de Rutas<\/h2>\n\n\t\t\t<p>\n\t\t\t\tSi su empresa realiza <b>rutas peri\u00f3dicas<\/b>, puede controlar su cumplimiento.\n\t\t\t<\/p>\n\n\t\t\t<p>\nDefiniendo un grupo de destinos, y un m\u00ednimo de visitas en ese grupo, el sistema sabe identificar que rutas se han realizado, cuando y por que veh\u00edculos.\n\t\t\t<\/p>\n\n\t\t\t<p>\nMediante listados (que se pueden recibir por mail y exportar a fichero) estaremos informados de que destinos de cada ruta se han vistado, y cuales no. Tambi\u00e9n podemos establecer <b>alarmas configurables<\/b> que nos avisen por mail de incidencias.\n\t\t\t<\/p>\n\n\n\n<figure class=\"wp-block-image\"><img loading=\"lazy\" decoding=\"async\" width=\"1024\" height=\"719\" src=\"http:\/\/www.controldeflotas.org\/prueba\/wp-content\/uploads\/2020\/03\/funcionRutas3-1024x719.jpg\" alt=\"\" class=\"wp-image-517\" srcset=\"https:\/\/controldeflotas.org\/wp-content\/uploads\/2020\/03\/funcionRutas3-1024x719.jpg 1024w, https:\/\/controldeflotas.org\/wp-content\/uploads\/2020\/03\/funcionRutas3-600x421.jpg 600w, https:\/\/controldeflotas.org\/wp-content\/uploads\/2020\/03\/funcionRutas3-768x539.jpg 768w, https:\/\/controldeflotas.org\/wp-content\/uploads\/2020\/03\/funcionRutas3-86x60.jpg 86w, https:\/\/controldeflotas.org\/wp-content\/uploads\/2020\/03\/funcionRutas3.jpg 1539w\" sizes=\"(max-width: 1024px) 100vw, 1024px\" \/><\/figure>\n\n\n\n<h5 style=\"width: 100%; height: 35px;\"><span style=\"color: #4f525e;\"><\/span><\/h5>\n\t\t\t<h2 style=\"color:#626884\">Registro de Inputs<\/h2>\n\n\t\t\t<p>\n\t\t\t\tLa funci\u00f3n de los Inputs del modem en el veh\u00edculo, permite registrar y transmitir cualquier accionamiento.\n\t\t\t<\/p>\n\n\t\t\t<p>\nComo por ejemplo, saber si se accion\u00f3 una grua, o una recogida de basura, o la subida de bandera en un taxi, detecci\u00f3n de puerta abierta, etc.\n\t\t\t<\/p>\n\n\n\n<figure class=\"wp-block-image\"><img loading=\"lazy\" decoding=\"async\" width=\"706\" height=\"357\" src=\"http:\/\/www.controldeflotas.org\/prueba\/wp-content\/uploads\/2020\/03\/funcionInputs2.jpg\" alt=\"\" class=\"wp-image-514\" srcset=\"https:\/\/controldeflotas.org\/wp-content\/uploads\/2020\/03\/funcionInputs2.jpg 706w, https:\/\/controldeflotas.org\/wp-content\/uploads\/2020\/03\/funcionInputs2-600x303.jpg 600w, https:\/\/controldeflotas.org\/wp-content\/uploads\/2020\/03\/funcionInputs2-119x60.jpg 119w\" sizes=\"(max-width: 706px) 100vw, 706px\" \/><\/figure>\n\n\n\n<h5 style=\"width: 100%; height: 35px;\"><span style=\"color: #4f525e;\"><\/span><\/h5>\n\t\t\t<h2 style=\"color:#626884\">Agenda basada en kms<\/h2>\n\n\t\t\t<p>\n\t\t\t\tSe dispone de una Agenda que (ademas de cada cierto tiempo) nos avisar\u00e1 cada ciertos Kms.\n\t\t\t<\/p>\n\n\t\t\t<p>\n\t\t\t\tEs posible programar mantenimientos y revisiones de los veh\u00edculos.\n\t\t\t<\/p>\n\n\n\n<figure class=\"wp-block-image\"><img loading=\"lazy\" decoding=\"async\" width=\"1024\" height=\"691\" src=\"http:\/\/www.controldeflotas.org\/prueba\/wp-content\/uploads\/2020\/03\/funcionAgenda2-1024x691.jpg\" alt=\"\" class=\"wp-image-512\" srcset=\"https:\/\/controldeflotas.org\/wp-content\/uploads\/2020\/03\/funcionAgenda2-1024x691.jpg 1024w, https:\/\/controldeflotas.org\/wp-content\/uploads\/2020\/03\/funcionAgenda2-600x405.jpg 600w, https:\/\/controldeflotas.org\/wp-content\/uploads\/2020\/03\/funcionAgenda2-768x518.jpg 768w, https:\/\/controldeflotas.org\/wp-content\/uploads\/2020\/03\/funcionAgenda2-89x60.jpg 89w, https:\/\/controldeflotas.org\/wp-content\/uploads\/2020\/03\/funcionAgenda2.jpg 1422w\" sizes=\"(max-width: 1024px) 100vw, 1024px\" \/><\/figure>\n\n\n\n<h5 style=\"width: 100%; height: 35px;\"><span style=\"color: #4f525e;\"><\/span><\/h5>\n\t\t\t<h2 style=\"color:#626884\">Gesti\u00f3n de usuarios y contrase\u00f1as<\/h2>\n\n\t\t\t<p>\n\t\t\t\tTambien dispone de la <b>gesti\u00f3n de usuarios y contrase\u00f1as<\/b>. Si quiere gestionar grupos de veh\u00edculos, de forma que solo ciertos usuarios puedan acceder a ciertos veh\u00edculos, entonces la aplicaci\u00f3n le permite dar de alta usuarios y contrase\u00f1as.\n\t\t\t<\/p>\n\n\t\t\t<p>\nCada delegaci\u00f3n o departamento podra ver sus propios veh\u00edculos, mientras que los usuarios administradores podran verlos todos.\n\t\t\t<\/p>\n\n\n\n<figure class=\"wp-block-image\"><img loading=\"lazy\" decoding=\"async\" width=\"738\" height=\"491\" src=\"http:\/\/www.controldeflotas.org\/prueba\/wp-content\/uploads\/2020\/03\/users.jpg\" alt=\"\" class=\"wp-image-472\" srcset=\"https:\/\/controldeflotas.org\/wp-content\/uploads\/2020\/03\/users.jpg 738w, https:\/\/controldeflotas.org\/wp-content\/uploads\/2020\/03\/users-600x399.jpg 600w, https:\/\/controldeflotas.org\/wp-content\/uploads\/2020\/03\/users-90x60.jpg 90w, https:\/\/controldeflotas.org\/wp-content\/uploads\/2020\/03\/users-374x249.jpg 374w\" sizes=\"(max-width: 738px) 100vw, 738px\" \/><\/figure>\n\n\n\n<h5 style=\"width: 100%; height: 35px;\"><span style=\"color: #4f525e;\"><\/span><\/h5>\n\t\t\t<h2 style=\"color:#626884\">Programaci\u00f3n de Listados<\/h2>\n\n\n\t\t\t<p>\n\t\t\t\tPodemos configurar la aplicaci\u00f3n para que periodicamente env\u00ede <b>por mail<\/b> los listados que decidamos. La periodicidad puede ser diaria, semanal, quincenal o mensual, y los listados se reciben por mail en formato pdf para visualizarlos o imprimirlos a papel.\n\t\t\t<\/p>\n\n\t\t\t<p>\nGracias a esta funci\u00f3n, la informaci\u00f3n le ser\u00e1 entregada <b>puntualmente y de forma autom\u00e1tica<\/b>.\n\t\t\t<\/p>\n\n\n\n<figure class=\"wp-block-image\"><img loading=\"lazy\" decoding=\"async\" width=\"740\" height=\"405\" src=\"http:\/\/www.controldeflotas.org\/prueba\/wp-content\/uploads\/2020\/03\/progListados.jpg\" alt=\"\" class=\"wp-image-470\" srcset=\"https:\/\/controldeflotas.org\/wp-content\/uploads\/2020\/03\/progListados.jpg 740w, https:\/\/controldeflotas.org\/wp-content\/uploads\/2020\/03\/progListados-600x328.jpg 600w, https:\/\/controldeflotas.org\/wp-content\/uploads\/2020\/03\/progListados-110x60.jpg 110w\" sizes=\"(max-width: 740px) 100vw, 740px\" \/><\/figure>\n\n\n\n<h5 style=\"width: 100%; height: 35px;\"><span style=\"color: #4f525e;\"><\/span><\/h5>\n\n\t\t\t<h2 style=\"color:#626884\">Actividad de los Veh\u00edculos<\/h2>\n\n\t\t\t<p>\n\t\t\t\tMediante las <b>gr\u00e1ficas de Actividad<\/b>, se puede informar del estado de los veh\u00edculos.\n\t\t\t<\/p>\n\n\t\t\t<p>\n\t\t\t\tPodra ver de un vistazo cuando se inici\u00f3 o finaliz\u00f3 la marcha del veh\u00edculo. La informaci\u00f3n por colores detalla si el veh\u00edculo estaba parado con la llave de contacto puesta o no. O de si estaba en movimiento segun la franja horaria.\n\t\t\t<\/p>\n\n\n\n<figure class=\"wp-block-image\"><img loading=\"lazy\" decoding=\"async\" width=\"734\" height=\"392\" src=\"http:\/\/www.controldeflotas.org\/prueba\/wp-content\/uploads\/2020\/03\/actividad0.jpg\" alt=\"\" class=\"wp-image-462\" srcset=\"https:\/\/controldeflotas.org\/wp-content\/uploads\/2020\/03\/actividad0.jpg 734w, https:\/\/controldeflotas.org\/wp-content\/uploads\/2020\/03\/actividad0-600x320.jpg 600w, https:\/\/controldeflotas.org\/wp-content\/uploads\/2020\/03\/actividad0-112x60.jpg 112w\" sizes=\"(max-width: 734px) 100vw, 734px\" \/><\/figure>\n\n\n\n<h5 style=\"width: 100%; height: 35px;\"><span style=\"color: #4f525e;\"><\/span><\/h5>\n\t\t\t<h2 style=\"color:#626884\">Consulta detallada de Velocidades<\/h2>\n\n\t\t\t<p>\n\t\t\t\tOpcionalmente, podemos hacer que la aplicaci\u00f3n nos muestre toda la informaci\u00f3n sobre las velocidades.\n\t\t\t<\/p>\n\n\t\t\t<p>\n\t\t\t\tEsta informaci\u00f3n se recopila cada 4 segundos, y mediante colores distintos segun intervalos, es posible resaltar los <b>excesos de velocidad<\/b>. Y tambien consultar punto por punto su valor.\n\t\t\t<\/p>\n\n\n\n<figure class=\"wp-block-image\"><img loading=\"lazy\" decoding=\"async\" width=\"738\" height=\"500\" src=\"http:\/\/www.controldeflotas.org\/prueba\/wp-content\/uploads\/2020\/03\/velocidades02.jpg\" alt=\"\" class=\"wp-image-501\" srcset=\"https:\/\/controldeflotas.org\/wp-content\/uploads\/2020\/03\/velocidades02.jpg 738w, https:\/\/controldeflotas.org\/wp-content\/uploads\/2020\/03\/velocidades02-600x407.jpg 600w, https:\/\/controldeflotas.org\/wp-content\/uploads\/2020\/03\/velocidades02-89x60.jpg 89w\" sizes=\"(max-width: 738px) 100vw, 738px\" \/><\/figure>\n\n\n\n<h5 style=\"width: 100%; height: 35px;\"><span style=\"color: #4f525e;\"><\/span><\/h5>\n","protected":false},"excerpt":{"rendered":"<p>Asistente con Inteligencia Artificial que contesta cualquier pregunta: Gesti\u00f3n de Paradas Habituales El sistema acumula y detecta las Paradas Habituales de la flota. De cada Parada Habitual obtendremos su hist\u00f3rico, &hellip; <\/p>\n","protected":false},"author":1,"featured_media":0,"parent":0,"menu_order":0,"comment_status":"closed","ping_status":"closed","template":"","meta":{"footnotes":""},"_links":{"self":[{"href":"https:\/\/controldeflotas.org\/index.php?rest_route=\/wp\/v2\/pages\/12"}],"collection":[{"href":"https:\/\/controldeflotas.org\/index.php?rest_route=\/wp\/v2\/pages"}],"about":[{"href":"https:\/\/controldeflotas.org\/index.php?rest_route=\/wp\/v2\/types\/page"}],"author":[{"embeddable":true,"href":"https:\/\/controldeflotas.org\/index.php?rest_route=\/wp\/v2\/users\/1"}],"replies":[{"embeddable":true,"href":"https:\/\/controldeflotas.org\/index.php?rest_route=%2Fwp%2Fv2%2Fcomments&post=12"}],"version-history":[{"count":81,"href":"https:\/\/controldeflotas.org\/index.php?rest_route=\/wp\/v2\/pages\/12\/revisions"}],"predecessor-version":[{"id":1287,"href":"https:\/\/controldeflotas.org\/index.php?rest_route=\/wp\/v2\/pages\/12\/revisions\/1287"}],"wp:attachment":[{"href":"https:\/\/controldeflotas.org\/index.php?rest_route=%2Fwp%2Fv2%2Fmedia&parent=12"}],"curies":[{"name":"wp","href":"https:\/\/api.w.org\/{rel}","templated":true}]}}