{"id":255,"date":"2020-01-09T12:03:53","date_gmt":"2020-01-09T11:03:53","guid":{"rendered":"http:\/\/www.controldeflotas.org\/prueba\/?page_id=255"},"modified":"2024-02-20T19:14:19","modified_gmt":"2024-02-20T18:14:19","slug":"precio","status":"publish","type":"page","link":"https:\/\/controldeflotas.org\/?page_id=255","title":{"rendered":"Precio"},"content":{"rendered":"<p>\n<!-- Google tag (gtag.js) --><br>\n<script async=\"\" src=\"https:\/\/www.googletagmanager.com\/gtag\/js?id=AW-952228431\"><\/script><br>\n<script><br \/>\n  window.dataLayer = window.dataLayer || [];<br \/>\n  function gtag(){dataLayer.push(arguments);}<br \/>\n  gtag('js', new Date());<\/p>\n<p>  gtag('config', 'AW-952228431');<br \/>\n<\/script>\n<\/p>\n\n\n<h5 style=\"width: 100%;\"><span style=\"color: #4f525e;\">El m\u00f3dem instalado en el veh\u00edculo se adquiere en propiedad (con garant\u00eda indefinida de sustituci\u00f3n). La cuota incluye la tarjeta sim.<\/span><\/h5>\n<h5 style=\"width: 100%;\"><span style=\"color: #4f525e;\">Precio por veh\u00edculo:<\/span><\/h5>\n<h5 style=\"width: 100%; height: 20px;\"><span style=\"color: #4f525e;\"><\/span><\/h5>\n\n\n\n<ul class=\"wp-block-gallery aligncenter columns-1 is-cropped wp-block-gallery-1 is-layout-flex wp-block-gallery-is-layout-flex\"><li class=\"blocks-gallery-item\"><figure><img loading=\"lazy\" decoding=\"async\" width=\"682\" height=\"247\" src=\"http:\/\/controldeflotas.org\/wp-content\/uploads\/2023\/09\/precios.png\" alt=\"\" data-id=\"1008\" data-link=\"http:\/\/controldeflotas.org\/?attachment_id=1008\" class=\"wp-image-1008\" srcset=\"https:\/\/controldeflotas.org\/wp-content\/uploads\/2023\/09\/precios.png 682w, https:\/\/controldeflotas.org\/wp-content\/uploads\/2023\/09\/precios-600x217.png 600w, https:\/\/controldeflotas.org\/wp-content\/uploads\/2023\/09\/precios-166x60.png 166w\" sizes=\"(max-width: 682px) 100vw, 682px\" \/><\/figure><\/li><\/ul>\n\n\n\n<h5 style=\"width: 100%; height: 35px;\"><span style=\"color: #4f525e;\"><\/span><\/h5>\n\n\n\n<h5 style=\"width: 100%;\"><span style=\"color: #4f525e;\">No pedimos permanencia ni contratos.<\/span><\/h5>\n\n<h5 style=\"width: 100%; height: 5px;\"><span style=\"color: #4f525e;\"><\/span><\/h5>\n\n<h5 style=\"width: 100%;\"><span style=\"color: #4f525e;\">La cuota de 5 \u20ac\/mes+iva incluye la tarifa plana gprs, que permite transmitir las tramas a la nube desde el veh\u00edculo constantemente, aunque no se consulte..<\/span><\/h5>\n\n<h5 style=\"width: 100%; height: 5px;\"><span style=\"color: #4f525e;\"><\/span><\/h5>\n\n<h5 style=\"width: 100%;\"><span style=\"color: #4f525e;\">Cualquier funcionalidad extra (existente o por desarrollar) queda incluida en la cuota de 5 \u20ac\/mes.<\/span><\/h5>\n\n<h5 style=\"width: 100%;\"><span style=\"color: #4f525e;\">Nota: es posible realizar una prueba gratuita durante 6 meses. Se pedir\u00e1 un dep\u00f3sito retornable de 50\u20ac (que se invertir\u00e1n en la adquisici\u00f3n del m\u00f3dem si se adquiere definitivamente)<\/span><\/h5>\n\n<h5 style=\"width: 100%; height: 30px;\"><span style=\"color: #4f525e;\"><\/span><\/h5>\n\n<p style=\"text-align: center;\"><a class=\"maxbutton-2 maxbutton maxbutton-contactar\" href=\"http:\/\/www.controldeflotas.org\/?page_id=13\"><span class='mb-text'>Pedir informaci\u00f3n<\/span><\/a><\/p>\n<p>&nbsp;<\/p>\n\n\n\n<p><\/p>\n","protected":false},"excerpt":{"rendered":"<p>El m\u00f3dem instalado en el veh\u00edculo se adquiere en propiedad (con garant\u00eda indefinida de sustituci\u00f3n). La cuota incluye la tarjeta sim. Precio por veh\u00edculo: No pedimos permanencia ni contratos. La &hellip; <\/p>\n","protected":false},"author":1,"featured_media":0,"parent":0,"menu_order":0,"comment_status":"closed","ping_status":"closed","template":"","meta":{"footnotes":""},"_links":{"self":[{"href":"https:\/\/controldeflotas.org\/index.php?rest_route=\/wp\/v2\/pages\/255"}],"collection":[{"href":"https:\/\/controldeflotas.org\/index.php?rest_route=\/wp\/v2\/pages"}],"about":[{"href":"https:\/\/controldeflotas.org\/index.php?rest_route=\/wp\/v2\/types\/page"}],"author":[{"embeddable":true,"href":"https:\/\/controldeflotas.org\/index.php?rest_route=\/wp\/v2\/users\/1"}],"replies":[{"embeddable":true,"href":"https:\/\/controldeflotas.org\/index.php?rest_route=%2Fwp%2Fv2%2Fcomments&post=255"}],"version-history":[{"count":12,"href":"https:\/\/controldeflotas.org\/index.php?rest_route=\/wp\/v2\/pages\/255\/revisions"}],"predecessor-version":[{"id":1190,"href":"https:\/\/controldeflotas.org\/index.php?rest_route=\/wp\/v2\/pages\/255\/revisions\/1190"}],"wp:attachment":[{"href":"https:\/\/controldeflotas.org\/index.php?rest_route=%2Fwp%2Fv2%2Fmedia&parent=255"}],"curies":[{"name":"wp","href":"https:\/\/api.w.org\/{rel}","templated":true}]}}